{"id":6249,"date":"2025-01-31T11:53:40","date_gmt":"2025-01-31T11:53:40","guid":{"rendered":"https:\/\/fricopan.es\/?post_type=product&#038;p=6249"},"modified":"2025-03-26T09:33:10","modified_gmt":"2025-03-26T09:33:10","slug":"pan-zwirbelbrot","status":"publish","type":"product","link":"https:\/\/fricopan.es\/blog\/producto\/pan-zwirbelbrot\/","title":{"rendered":"Pan Zwirbelbrot"},"content":{"rendered":"<h4 style=\"text-align: center;\">Este exquisito pan r\u00fastico, de origen suizo, es una obra maestra de la panader\u00eda artesanal. Su caracter\u00edstica forma de espiral y su corteza dorada y crujiente capturan la vista y el paladar de inmediato.<\/h4>\n<div style=\"text-align: center;\">\n<p>________________<\/p>\n<\/div>\n<div style=\"text-align: center;\">18 uds \/ caja<\/div>\n<div style=\"text-align: center;\"><a href=\"https:\/\/fricopan.es\/wp-content\/uploads\/2021\/09\/Iconos-plataforma-B2B-250x250-1-e1634146548249.jpg\"><img decoding=\"async\" class=\"alignnone size-full wp-image-4831\" src=\"https:\/\/fricopan.es\/wp-content\/uploads\/2021\/09\/Iconos-plataforma-B2B-250x250-1-e1634146548249.jpg\" alt=\"\" width=\"50\" height=\"50\" \/>\u00a0 \u00a0<\/a><a href=\"https:\/\/fricopan.es\/wp-content\/uploads\/2021\/11\/Logo-vegano-web.png\"><img decoding=\"async\" class=\"alignnone size-full wp-image-6558\" src=\"https:\/\/fricopan.es\/wp-content\/uploads\/2021\/11\/Logo-vegano-web.png\" alt=\"\" width=\"50\" height=\"52\" \/><\/a><\/div>\n<div style=\"text-align: center;\"><\/div>\n<div style=\"text-align: center;\">________________<\/div>\n<div style=\"text-align: center;\"><\/div>\n<h4 style=\"text-align: center;\">CARACTER\u00cdSTICAS<\/h4>\n<div style=\"text-align: center;\">Peso: 380g<\/div>\n","protected":false},"excerpt":{"rendered":"<p>Este exquisito pan r\u00fastico, de origen suizo, es una obra maestra de la panader\u00eda artesanal. Su caracter\u00edstica forma de espiral y su corteza dorada y crujiente capturan la vista y el paladar de inmediato. ________________ 18 uds \/ caja \u00a0 \u00a0 ________________ CARACTER\u00cdSTICAS Peso: 380g<\/p>\n","protected":false},"featured_media":6250,"comment_status":"open","ping_status":"closed","template":"","meta":{"_et_pb_use_builder":"","_et_pb_old_content":"","_et_gb_content_width":"","_eb_attr":""},"product_cat":[33],"product_tag":[],"class_list":{"0":"post-6249","1":"product","2":"type-product","3":"status-publish","4":"has-post-thumbnail","6":"product_cat-hogazas","8":"first","9":"instock","10":"shipping-taxable","11":"product-type-simple"},"yoast_head":"<!-- This site is optimized with the Yoast SEO plugin v24.1 - https:\/\/yoast.com\/wordpress\/plugins\/seo\/ -->\n<title>Pan Zwirbelbrot - Fricopan<\/title>\n<meta name=\"description\" content=\"Pan Zwirbelbrot de Fricopan: Pan artesanal suizo, crujiente y ligero. \u00a1Exquisito! Un sabor profundo y equilibrado que realza cualquier comida.\" \/>\n<meta name=\"robots\" content=\"index, follow, max-snippet:-1, max-image-preview:large, max-video-preview:-1\" \/>\n<link rel=\"canonical\" href=\"https:\/\/fricopan.es\/blog\/producto\/pan-zwirbelbrot\/\" \/>\n<meta property=\"og:locale\" content=\"es_ES\" \/>\n<meta property=\"og:type\" content=\"article\" \/>\n<meta property=\"og:title\" content=\"Pan Zwirbelbrot - Fricopan\" \/>\n<meta property=\"og:description\" content=\"Pan Zwirbelbrot de Fricopan: Pan artesanal suizo, crujiente y ligero. \u00a1Exquisito! Un sabor profundo y equilibrado que realza cualquier comida.\" \/>\n<meta property=\"og:url\" content=\"https:\/\/fricopan.es\/blog\/producto\/pan-zwirbelbrot\/\" \/>\n<meta property=\"og:site_name\" content=\"Fricopan\" \/>\n<meta property=\"article:modified_time\" content=\"2025-03-26T09:33:10+00:00\" \/>\n<meta property=\"og:image\" content=\"https:\/\/fricopan.es\/blog\/wp-content\/uploads\/2025\/01\/Zwibelbrot.png\" \/>\n\t<meta property=\"og:image:width\" content=\"383\" \/>\n\t<meta property=\"og:image:height\" content=\"266\" \/>\n\t<meta property=\"og:image:type\" content=\"image\/png\" \/>\n<meta name=\"twitter:card\" content=\"summary_large_image\" \/>\n<meta name=\"twitter:label1\" content=\"Tiempo de lectura\" \/>\n\t<meta name=\"twitter:data1\" content=\"1 minuto\" \/>\n<script type=\"application\/ld+json\" class=\"yoast-schema-graph\">{\"@context\":\"https:\/\/schema.org\",\"@graph\":[{\"@type\":\"WebPage\",\"@id\":\"https:\/\/fricopan.es\/blog\/producto\/pan-zwirbelbrot\/\",\"url\":\"https:\/\/fricopan.es\/blog\/producto\/pan-zwirbelbrot\/\",\"name\":\"Pan Zwirbelbrot - Fricopan\",\"isPartOf\":{\"@id\":\"\/#website\"},\"primaryImageOfPage\":{\"@id\":\"https:\/\/fricopan.es\/blog\/producto\/pan-zwirbelbrot\/#primaryimage\"},\"image\":{\"@id\":\"https:\/\/fricopan.es\/blog\/producto\/pan-zwirbelbrot\/#primaryimage\"},\"thumbnailUrl\":\"https:\/\/fricopan.es\/blog\/wp-content\/uploads\/2025\/01\/Zwibelbrot.png\",\"datePublished\":\"2025-01-31T11:53:40+00:00\",\"dateModified\":\"2025-03-26T09:33:10+00:00\",\"description\":\"Pan Zwirbelbrot de Fricopan: Pan artesanal suizo, crujiente y ligero. \u00a1Exquisito! Un sabor profundo y equilibrado que realza cualquier comida.\",\"breadcrumb\":{\"@id\":\"https:\/\/fricopan.es\/blog\/producto\/pan-zwirbelbrot\/#breadcrumb\"},\"inLanguage\":\"es\",\"potentialAction\":[{\"@type\":\"ReadAction\",\"target\":[\"https:\/\/fricopan.es\/blog\/producto\/pan-zwirbelbrot\/\"]}]},{\"@type\":\"ImageObject\",\"inLanguage\":\"es\",\"@id\":\"https:\/\/fricopan.es\/blog\/producto\/pan-zwirbelbrot\/#primaryimage\",\"url\":\"https:\/\/fricopan.es\/blog\/wp-content\/uploads\/2025\/01\/Zwibelbrot.png\",\"contentUrl\":\"https:\/\/fricopan.es\/blog\/wp-content\/uploads\/2025\/01\/Zwibelbrot.png\",\"width\":383,\"height\":266,\"caption\":\"Pan Zwibelbrot\"},{\"@type\":\"BreadcrumbList\",\"@id\":\"https:\/\/fricopan.es\/blog\/producto\/pan-zwirbelbrot\/#breadcrumb\",\"itemListElement\":[{\"@type\":\"ListItem\",\"position\":1,\"name\":\"Portada\",\"item\":\"https:\/\/fricopan.es\/blog\/\"},{\"@type\":\"ListItem\",\"position\":2,\"name\":\"Pan Zwirbelbrot\"}]},{\"@type\":\"WebSite\",\"@id\":\"\/#website\",\"url\":\"\/\",\"name\":\"Fricopan\",\"description\":\"Fricopan distribuidora de panader&iacute;a boller&iacute;a congelada\",\"potentialAction\":[{\"@type\":\"SearchAction\",\"target\":{\"@type\":\"EntryPoint\",\"urlTemplate\":\"\/?s={search_term_string}\"},\"query-input\":{\"@type\":\"PropertyValueSpecification\",\"valueRequired\":true,\"valueName\":\"search_term_string\"}}],\"inLanguage\":\"es\"}]}<\/script>\n<!-- \/ Yoast SEO plugin. -->","yoast_head_json":{"title":"Pan Zwirbelbrot - Fricopan","description":"Pan Zwirbelbrot de Fricopan: Pan artesanal suizo, crujiente y ligero. \u00a1Exquisito! Un sabor profundo y equilibrado que realza cualquier comida.","robots":{"index":"index","follow":"follow","max-snippet":"max-snippet:-1","max-image-preview":"max-image-preview:large","max-video-preview":"max-video-preview:-1"},"canonical":"https:\/\/fricopan.es\/blog\/producto\/pan-zwirbelbrot\/","og_locale":"es_ES","og_type":"article","og_title":"Pan Zwirbelbrot - Fricopan","og_description":"Pan Zwirbelbrot de Fricopan: Pan artesanal suizo, crujiente y ligero. \u00a1Exquisito! Un sabor profundo y equilibrado que realza cualquier comida.","og_url":"https:\/\/fricopan.es\/blog\/producto\/pan-zwirbelbrot\/","og_site_name":"Fricopan","article_modified_time":"2025-03-26T09:33:10+00:00","og_image":[{"width":383,"height":266,"url":"https:\/\/fricopan.es\/blog\/wp-content\/uploads\/2025\/01\/Zwibelbrot.png","type":"image\/png"}],"twitter_card":"summary_large_image","twitter_misc":{"Tiempo de lectura":"1 minuto"},"schema":{"@context":"https:\/\/schema.org","@graph":[{"@type":"WebPage","@id":"https:\/\/fricopan.es\/blog\/producto\/pan-zwirbelbrot\/","url":"https:\/\/fricopan.es\/blog\/producto\/pan-zwirbelbrot\/","name":"Pan Zwirbelbrot - Fricopan","isPartOf":{"@id":"\/#website"},"primaryImageOfPage":{"@id":"https:\/\/fricopan.es\/blog\/producto\/pan-zwirbelbrot\/#primaryimage"},"image":{"@id":"https:\/\/fricopan.es\/blog\/producto\/pan-zwirbelbrot\/#primaryimage"},"thumbnailUrl":"https:\/\/fricopan.es\/blog\/wp-content\/uploads\/2025\/01\/Zwibelbrot.png","datePublished":"2025-01-31T11:53:40+00:00","dateModified":"2025-03-26T09:33:10+00:00","description":"Pan Zwirbelbrot de Fricopan: Pan artesanal suizo, crujiente y ligero. \u00a1Exquisito! Un sabor profundo y equilibrado que realza cualquier comida.","breadcrumb":{"@id":"https:\/\/fricopan.es\/blog\/producto\/pan-zwirbelbrot\/#breadcrumb"},"inLanguage":"es","potentialAction":[{"@type":"ReadAction","target":["https:\/\/fricopan.es\/blog\/producto\/pan-zwirbelbrot\/"]}]},{"@type":"ImageObject","inLanguage":"es","@id":"https:\/\/fricopan.es\/blog\/producto\/pan-zwirbelbrot\/#primaryimage","url":"https:\/\/fricopan.es\/blog\/wp-content\/uploads\/2025\/01\/Zwibelbrot.png","contentUrl":"https:\/\/fricopan.es\/blog\/wp-content\/uploads\/2025\/01\/Zwibelbrot.png","width":383,"height":266,"caption":"Pan Zwibelbrot"},{"@type":"BreadcrumbList","@id":"https:\/\/fricopan.es\/blog\/producto\/pan-zwirbelbrot\/#breadcrumb","itemListElement":[{"@type":"ListItem","position":1,"name":"Portada","item":"https:\/\/fricopan.es\/blog\/"},{"@type":"ListItem","position":2,"name":"Pan Zwirbelbrot"}]},{"@type":"WebSite","@id":"\/#website","url":"\/","name":"Fricopan","description":"Fricopan distribuidora de panader&iacute;a boller&iacute;a congelada","potentialAction":[{"@type":"SearchAction","target":{"@type":"EntryPoint","urlTemplate":"\/?s={search_term_string}"},"query-input":{"@type":"PropertyValueSpecification","valueRequired":true,"valueName":"search_term_string"}}],"inLanguage":"es"}]}},"_links":{"self":[{"href":"https:\/\/fricopan.es\/blog\/wp-json\/wp\/v2\/product\/6249","targetHints":{"allow":["GET"]}}],"collection":[{"href":"https:\/\/fricopan.es\/blog\/wp-json\/wp\/v2\/product"}],"about":[{"href":"https:\/\/fricopan.es\/blog\/wp-json\/wp\/v2\/types\/product"}],"replies":[{"embeddable":true,"href":"https:\/\/fricopan.es\/blog\/wp-json\/wp\/v2\/comments?post=6249"}],"wp:featuredmedia":[{"embeddable":true,"href":"https:\/\/fricopan.es\/blog\/wp-json\/wp\/v2\/media\/6250"}],"wp:attachment":[{"href":"https:\/\/fricopan.es\/blog\/wp-json\/wp\/v2\/media?parent=6249"}],"wp:term":[{"taxonomy":"product_cat","embeddable":true,"href":"https:\/\/fricopan.es\/blog\/wp-json\/wp\/v2\/product_cat?post=6249"},{"taxonomy":"product_tag","embeddable":true,"href":"https:\/\/fricopan.es\/blog\/wp-json\/wp\/v2\/product_tag?post=6249"}],"curies":[{"name":"wp","href":"https:\/\/api.w.org\/{rel}","templated":true}]}}