{"id":4558,"date":"2021-09-24T08:34:30","date_gmt":"2021-09-24T08:34:30","guid":{"rendered":"http:\/\/sitioenconstruccion-website.levelupdesign.es\/?page_id=4558"},"modified":"2025-02-24T12:58:48","modified_gmt":"2025-02-24T12:58:48","slug":"fricopan-productos","status":"publish","type":"page","link":"https:\/\/fricopan.es\/blog\/fricopan-productos\/","title":{"rendered":"Productos"},"content":{"rendered":"<p><\/p>\n<h4>Nuestros productos<\/h4>\n<p><\/p>\n<h1 class=\"section-header__title section-header__title--left\">Mundo Pretzel<\/h1>\n<p><\/p>\n<h1 class=\"section-header__title section-header__title--left\">Hogazas<\/h1>\n<p><\/p>\n<h1 class=\"section-header__title section-header__title--left\">Baguette<\/h1>\n<p><\/p>\n<h1 class=\"section-header__title section-header__title--left\">Panecillos<\/h1>\n<p><\/p>\n<h1 class=\"section-header__title section-header__title--left\">Pan burguer<\/h1>\n<p><\/p>\n<h1 class=\"section-header__title section-header__title--left\">Boller\u00eda Dulce<\/h1>\n<p><\/p>\n<h1 class=\"section-header__title section-header__title--left\">Bolleria Salada<\/h1>\n<p><\/p>\n<h1 class=\"section-header__title section-header__title--left\">Pasteler\u00eda<\/h1>\n<p><\/p>\n<h2>Somos amantes de pan<\/h2>\n<h4>Especistas en panes alemanes<\/h4>\n<p>Existe en alemania una demanda cada vez mayor de panes de calidad, de masa madre, fermetanci\u00f3n lenta y harinas de mayor aporte nutricional que la convencional, desde fricopan trabajamos cada d\u00eda para traer a tu negocio esa pasi\u00f3n por el pan y su gran variedad. Porque es al final satisfacer al cliente y sorprenderle el sello de calidad que nos une a nuestro produto.<\/p>\n<p><\/p>\n","protected":false},"excerpt":{"rendered":"<p>Nuestros productosMundo Pretzel HogazasBaguette Panecillos Pan burguer Boller\u00eda DulceBolleria SaladaPasteler\u00eda Somos amantes de pan Especistas en panes alemanes Existe en alemania una demanda cada vez mayor de panes de calidad, de masa madre, fermetanci\u00f3n lenta y harinas de mayor aporte nutricional que la convencional, desde fricopan trabajamos cada d\u00eda para traer a tu negocio esa pasi\u00f3n por el pan y su gran variedad. Porque es al final satisfacer al cliente y sorprenderle el sello de calidad que nos une a nuestro produto.<\/p>\n","protected":false},"author":1,"featured_media":0,"parent":0,"menu_order":0,"comment_status":"closed","ping_status":"closed","template":"","meta":{"_et_pb_use_builder":"on","_et_pb_old_content":"","_et_gb_content_width":"","_eb_attr":"","footnotes":""},"class_list":["post-4558","page","type-page","status-publish","hentry"],"yoast_head":"<!-- This site is optimized with the Yoast SEO plugin v24.1 - https:\/\/yoast.com\/wordpress\/plugins\/seo\/ -->\n<title>Fricopan Productos - Calidad Alemana En Panader\u00eda y Congelados<\/title>\n<meta name=\"description\" content=\"Fricopan Variedad de productos frescos y congelados. Calidad y sabor garantizados en panader\u00eda y boller\u00eda Alemana\" \/>\n<meta name=\"robots\" content=\"index, follow, max-snippet:-1, max-image-preview:large, max-video-preview:-1\" \/>\n<link rel=\"canonical\" href=\"https:\/\/fricopan.es\/blog\/fricopan-productos\/\" \/>\n<meta property=\"og:locale\" content=\"es_ES\" \/>\n<meta property=\"og:type\" content=\"article\" \/>\n<meta property=\"og:title\" content=\"Fricopan Productos - Calidad Alemana En Panader\u00eda y Congelados\" \/>\n<meta property=\"og:description\" content=\"Fricopan Variedad de productos frescos y congelados. Calidad y sabor garantizados en panader\u00eda y boller\u00eda Alemana\" \/>\n<meta property=\"og:url\" content=\"https:\/\/fricopan.es\/blog\/fricopan-productos\/\" \/>\n<meta property=\"og:site_name\" content=\"Fricopan\" \/>\n<meta property=\"article:modified_time\" content=\"2025-02-24T12:58:48+00:00\" \/>\n<meta name=\"twitter:card\" content=\"summary_large_image\" \/>\n<meta name=\"twitter:label1\" content=\"Tiempo de lectura\" \/>\n\t<meta name=\"twitter:data1\" content=\"3 minutos\" \/>\n<script type=\"application\/ld+json\" class=\"yoast-schema-graph\">{\"@context\":\"https:\/\/schema.org\",\"@graph\":[{\"@type\":\"WebPage\",\"@id\":\"https:\/\/fricopan.es\/blog\/fricopan-productos\/\",\"url\":\"https:\/\/fricopan.es\/blog\/fricopan-productos\/\",\"name\":\"Fricopan Productos - Calidad Alemana En Panader\u00eda y Congelados\",\"isPartOf\":{\"@id\":\"\/#website\"},\"datePublished\":\"2021-09-24T08:34:30+00:00\",\"dateModified\":\"2025-02-24T12:58:48+00:00\",\"description\":\"Fricopan Variedad de productos frescos y congelados. Calidad y sabor garantizados en panader\u00eda y boller\u00eda Alemana\",\"breadcrumb\":{\"@id\":\"https:\/\/fricopan.es\/blog\/fricopan-productos\/#breadcrumb\"},\"inLanguage\":\"es\",\"potentialAction\":[{\"@type\":\"ReadAction\",\"target\":[\"https:\/\/fricopan.es\/blog\/fricopan-productos\/\"]}]},{\"@type\":\"BreadcrumbList\",\"@id\":\"https:\/\/fricopan.es\/blog\/fricopan-productos\/#breadcrumb\",\"itemListElement\":[{\"@type\":\"ListItem\",\"position\":1,\"name\":\"Portada\",\"item\":\"https:\/\/fricopan.es\/blog\/\"},{\"@type\":\"ListItem\",\"position\":2,\"name\":\"Productos\"}]},{\"@type\":\"WebSite\",\"@id\":\"\/#website\",\"url\":\"\/\",\"name\":\"Fricopan\",\"description\":\"Fricopan distribuidora de panader&iacute;a boller&iacute;a congelada\",\"potentialAction\":[{\"@type\":\"SearchAction\",\"target\":{\"@type\":\"EntryPoint\",\"urlTemplate\":\"\/?s={search_term_string}\"},\"query-input\":{\"@type\":\"PropertyValueSpecification\",\"valueRequired\":true,\"valueName\":\"search_term_string\"}}],\"inLanguage\":\"es\"}]}<\/script>\n<!-- \/ Yoast SEO plugin. -->","yoast_head_json":{"title":"Fricopan Productos - Calidad Alemana En Panader\u00eda y Congelados","description":"Fricopan Variedad de productos frescos y congelados. Calidad y sabor garantizados en panader\u00eda y boller\u00eda Alemana","robots":{"index":"index","follow":"follow","max-snippet":"max-snippet:-1","max-image-preview":"max-image-preview:large","max-video-preview":"max-video-preview:-1"},"canonical":"https:\/\/fricopan.es\/blog\/fricopan-productos\/","og_locale":"es_ES","og_type":"article","og_title":"Fricopan Productos - Calidad Alemana En Panader\u00eda y Congelados","og_description":"Fricopan Variedad de productos frescos y congelados. Calidad y sabor garantizados en panader\u00eda y boller\u00eda Alemana","og_url":"https:\/\/fricopan.es\/blog\/fricopan-productos\/","og_site_name":"Fricopan","article_modified_time":"2025-02-24T12:58:48+00:00","twitter_card":"summary_large_image","twitter_misc":{"Tiempo de lectura":"3 minutos"},"schema":{"@context":"https:\/\/schema.org","@graph":[{"@type":"WebPage","@id":"https:\/\/fricopan.es\/blog\/fricopan-productos\/","url":"https:\/\/fricopan.es\/blog\/fricopan-productos\/","name":"Fricopan Productos - Calidad Alemana En Panader\u00eda y Congelados","isPartOf":{"@id":"\/#website"},"datePublished":"2021-09-24T08:34:30+00:00","dateModified":"2025-02-24T12:58:48+00:00","description":"Fricopan Variedad de productos frescos y congelados. Calidad y sabor garantizados en panader\u00eda y boller\u00eda Alemana","breadcrumb":{"@id":"https:\/\/fricopan.es\/blog\/fricopan-productos\/#breadcrumb"},"inLanguage":"es","potentialAction":[{"@type":"ReadAction","target":["https:\/\/fricopan.es\/blog\/fricopan-productos\/"]}]},{"@type":"BreadcrumbList","@id":"https:\/\/fricopan.es\/blog\/fricopan-productos\/#breadcrumb","itemListElement":[{"@type":"ListItem","position":1,"name":"Portada","item":"https:\/\/fricopan.es\/blog\/"},{"@type":"ListItem","position":2,"name":"Productos"}]},{"@type":"WebSite","@id":"\/#website","url":"\/","name":"Fricopan","description":"Fricopan distribuidora de panader&iacute;a boller&iacute;a congelada","potentialAction":[{"@type":"SearchAction","target":{"@type":"EntryPoint","urlTemplate":"\/?s={search_term_string}"},"query-input":{"@type":"PropertyValueSpecification","valueRequired":true,"valueName":"search_term_string"}}],"inLanguage":"es"}]}},"_links":{"self":[{"href":"https:\/\/fricopan.es\/blog\/wp-json\/wp\/v2\/pages\/4558","targetHints":{"allow":["GET"]}}],"collection":[{"href":"https:\/\/fricopan.es\/blog\/wp-json\/wp\/v2\/pages"}],"about":[{"href":"https:\/\/fricopan.es\/blog\/wp-json\/wp\/v2\/types\/page"}],"author":[{"embeddable":true,"href":"https:\/\/fricopan.es\/blog\/wp-json\/wp\/v2\/users\/1"}],"replies":[{"embeddable":true,"href":"https:\/\/fricopan.es\/blog\/wp-json\/wp\/v2\/comments?post=4558"}],"version-history":[{"count":0,"href":"https:\/\/fricopan.es\/blog\/wp-json\/wp\/v2\/pages\/4558\/revisions"}],"wp:attachment":[{"href":"https:\/\/fricopan.es\/blog\/wp-json\/wp\/v2\/media?parent=4558"}],"curies":[{"name":"wp","href":"https:\/\/api.w.org\/{rel}","templated":true}]}}