{"id":232,"date":"2021-09-14T10:10:14","date_gmt":"2021-09-14T10:10:14","guid":{"rendered":"https:\/\/fricopan.es\/?page_id=232"},"modified":"2025-02-19T10:40:00","modified_gmt":"2025-02-19T10:40:00","slug":"distribucion","status":"publish","type":"page","link":"https:\/\/fricopan.es\/blog\/distribucion\/","title":{"rendered":"DISTRIBUCI\u00d3N"},"content":{"rendered":"<p><\/p>\n<h1>Distribuci\u00f3n<\/h1>\n<h2>Los mejores productos para tus clientes<\/h2>\n<p>Te ofrecemos los mejores productos para que ofrezcas a tus clientes. Productos originales y soluciones para tu d\u00eda a d\u00eda.<\/p>\n<p><br \/>\n<script type=\"text\/javascript\" src=\"https:\/\/clientify.net\/web-marketing\/superforms\/script\/58508.js\"><\/script><\/p>\n<p><span style=\"font-weight: 400;\">Nuestros clientes siempre solicitan un <\/span><b>alto est\u00e1ndar de calidad a la vez que unos precios competitivos<\/b><span style=\"font-weight: 400;\">.<\/span><\/p>\n<p><span style=\"font-weight: 400;\">Gracias a que cumplimos estos dos requisitos, trabajamos con algunas de las superficies m\u00e1s conocidas de Espa\u00f1a<\/span><\/p>\n<p><span style=\"font-weight: 400;\">Con FRICOPAN tendr\u00e1n a su alcance una amplia gama de productos que solucionar\u00e1n cualquier necesidad de suministro que tengan. Productos alemanes de la m\u00e1xima calidad y con las m\u00e1ximas garant\u00edas.<\/span><\/p>\n<p><\/p>\n<h2>Productos relaccionados<\/h2>\n<p><br \/>\n<\/p>\n<h2>Art\u00edculos relaccionados<\/h2>\n<p><br \/>\n<\/p>\n","protected":false},"excerpt":{"rendered":"<p>Distribuci\u00f3n Los mejores productos para tus clientes Te ofrecemos los mejores productos para que ofrezcas a tus clientes. Productos originales y soluciones para tu d\u00eda a d\u00eda. Nuestros clientes siempre solicitan un alto est\u00e1ndar de calidad a la vez que unos precios competitivos. Gracias a que cumplimos estos dos requisitos, trabajamos con algunas de las superficies m\u00e1s conocidas de Espa\u00f1a Con FRICOPAN tendr\u00e1n a su alcance una amplia gama de productos que solucionar\u00e1n cualquier necesidad de suministro que tengan. Productos alemanes de la m\u00e1xima calidad y con las m\u00e1ximas garant\u00edas. Productos relaccionados Art\u00edculos relaccionados<\/p>\n","protected":false},"author":1,"featured_media":0,"parent":0,"menu_order":0,"comment_status":"closed","ping_status":"closed","template":"","meta":{"_et_pb_use_builder":"on","_et_pb_old_content":"","_et_gb_content_width":"","_eb_attr":"","footnotes":""},"class_list":["post-232","page","type-page","status-publish","hentry"],"yoast_head":"<!-- This site is optimized with the Yoast SEO plugin v24.1 - https:\/\/yoast.com\/wordpress\/plugins\/seo\/ -->\n<title>Fricopan - Servicios de Distribuci\u00f3n de Boller\u00eda Congelada<\/title>\n<meta name=\"description\" content=\"Fricopan Distribuci\u00f3n r\u00e1pida y confiable de panes y productos congelados, con calidad y precios competitivos.\" \/>\n<meta name=\"robots\" content=\"index, follow, max-snippet:-1, max-image-preview:large, max-video-preview:-1\" \/>\n<link rel=\"canonical\" href=\"https:\/\/fricopan.es\/blog\/distribucion\/\" \/>\n<meta property=\"og:locale\" content=\"es_ES\" \/>\n<meta property=\"og:type\" content=\"article\" \/>\n<meta property=\"og:title\" content=\"Fricopan - Servicios de Distribuci\u00f3n de Boller\u00eda Congelada\" \/>\n<meta property=\"og:description\" content=\"Fricopan Distribuci\u00f3n r\u00e1pida y confiable de panes y productos congelados, con calidad y precios competitivos.\" \/>\n<meta property=\"og:url\" content=\"https:\/\/fricopan.es\/blog\/distribucion\/\" \/>\n<meta property=\"og:site_name\" content=\"Fricopan\" \/>\n<meta property=\"article:modified_time\" content=\"2025-02-19T10:40:00+00:00\" \/>\n<meta name=\"twitter:card\" content=\"summary_large_image\" \/>\n<meta name=\"twitter:label1\" content=\"Tiempo de lectura\" \/>\n\t<meta name=\"twitter:data1\" content=\"3 minutos\" \/>\n<script type=\"application\/ld+json\" class=\"yoast-schema-graph\">{\"@context\":\"https:\/\/schema.org\",\"@graph\":[{\"@type\":\"WebPage\",\"@id\":\"https:\/\/fricopan.es\/blog\/distribucion\/\",\"url\":\"https:\/\/fricopan.es\/blog\/distribucion\/\",\"name\":\"Fricopan - Servicios de Distribuci\u00f3n de Boller\u00eda Congelada\",\"isPartOf\":{\"@id\":\"\/#website\"},\"datePublished\":\"2021-09-14T10:10:14+00:00\",\"dateModified\":\"2025-02-19T10:40:00+00:00\",\"description\":\"Fricopan Distribuci\u00f3n r\u00e1pida y confiable de panes y productos congelados, con calidad y precios competitivos.\",\"breadcrumb\":{\"@id\":\"https:\/\/fricopan.es\/blog\/distribucion\/#breadcrumb\"},\"inLanguage\":\"es\",\"potentialAction\":[{\"@type\":\"ReadAction\",\"target\":[\"https:\/\/fricopan.es\/blog\/distribucion\/\"]}]},{\"@type\":\"BreadcrumbList\",\"@id\":\"https:\/\/fricopan.es\/blog\/distribucion\/#breadcrumb\",\"itemListElement\":[{\"@type\":\"ListItem\",\"position\":1,\"name\":\"Portada\",\"item\":\"https:\/\/fricopan.es\/blog\/\"},{\"@type\":\"ListItem\",\"position\":2,\"name\":\"DISTRIBUCI\u00d3N\"}]},{\"@type\":\"WebSite\",\"@id\":\"\/#website\",\"url\":\"\/\",\"name\":\"Fricopan\",\"description\":\"Fricopan distribuidora de panader&iacute;a boller&iacute;a congelada\",\"potentialAction\":[{\"@type\":\"SearchAction\",\"target\":{\"@type\":\"EntryPoint\",\"urlTemplate\":\"\/?s={search_term_string}\"},\"query-input\":{\"@type\":\"PropertyValueSpecification\",\"valueRequired\":true,\"valueName\":\"search_term_string\"}}],\"inLanguage\":\"es\"}]}<\/script>\n<!-- \/ Yoast SEO plugin. -->","yoast_head_json":{"title":"Fricopan - Servicios de Distribuci\u00f3n de Boller\u00eda Congelada","description":"Fricopan Distribuci\u00f3n r\u00e1pida y confiable de panes y productos congelados, con calidad y precios competitivos.","robots":{"index":"index","follow":"follow","max-snippet":"max-snippet:-1","max-image-preview":"max-image-preview:large","max-video-preview":"max-video-preview:-1"},"canonical":"https:\/\/fricopan.es\/blog\/distribucion\/","og_locale":"es_ES","og_type":"article","og_title":"Fricopan - Servicios de Distribuci\u00f3n de Boller\u00eda Congelada","og_description":"Fricopan Distribuci\u00f3n r\u00e1pida y confiable de panes y productos congelados, con calidad y precios competitivos.","og_url":"https:\/\/fricopan.es\/blog\/distribucion\/","og_site_name":"Fricopan","article_modified_time":"2025-02-19T10:40:00+00:00","twitter_card":"summary_large_image","twitter_misc":{"Tiempo de lectura":"3 minutos"},"schema":{"@context":"https:\/\/schema.org","@graph":[{"@type":"WebPage","@id":"https:\/\/fricopan.es\/blog\/distribucion\/","url":"https:\/\/fricopan.es\/blog\/distribucion\/","name":"Fricopan - Servicios de Distribuci\u00f3n de Boller\u00eda Congelada","isPartOf":{"@id":"\/#website"},"datePublished":"2021-09-14T10:10:14+00:00","dateModified":"2025-02-19T10:40:00+00:00","description":"Fricopan Distribuci\u00f3n r\u00e1pida y confiable de panes y productos congelados, con calidad y precios competitivos.","breadcrumb":{"@id":"https:\/\/fricopan.es\/blog\/distribucion\/#breadcrumb"},"inLanguage":"es","potentialAction":[{"@type":"ReadAction","target":["https:\/\/fricopan.es\/blog\/distribucion\/"]}]},{"@type":"BreadcrumbList","@id":"https:\/\/fricopan.es\/blog\/distribucion\/#breadcrumb","itemListElement":[{"@type":"ListItem","position":1,"name":"Portada","item":"https:\/\/fricopan.es\/blog\/"},{"@type":"ListItem","position":2,"name":"DISTRIBUCI\u00d3N"}]},{"@type":"WebSite","@id":"\/#website","url":"\/","name":"Fricopan","description":"Fricopan distribuidora de panader&iacute;a boller&iacute;a congelada","potentialAction":[{"@type":"SearchAction","target":{"@type":"EntryPoint","urlTemplate":"\/?s={search_term_string}"},"query-input":{"@type":"PropertyValueSpecification","valueRequired":true,"valueName":"search_term_string"}}],"inLanguage":"es"}]}},"_links":{"self":[{"href":"https:\/\/fricopan.es\/blog\/wp-json\/wp\/v2\/pages\/232","targetHints":{"allow":["GET"]}}],"collection":[{"href":"https:\/\/fricopan.es\/blog\/wp-json\/wp\/v2\/pages"}],"about":[{"href":"https:\/\/fricopan.es\/blog\/wp-json\/wp\/v2\/types\/page"}],"author":[{"embeddable":true,"href":"https:\/\/fricopan.es\/blog\/wp-json\/wp\/v2\/users\/1"}],"replies":[{"embeddable":true,"href":"https:\/\/fricopan.es\/blog\/wp-json\/wp\/v2\/comments?post=232"}],"version-history":[{"count":0,"href":"https:\/\/fricopan.es\/blog\/wp-json\/wp\/v2\/pages\/232\/revisions"}],"wp:attachment":[{"href":"https:\/\/fricopan.es\/blog\/wp-json\/wp\/v2\/media?parent=232"}],"curies":[{"name":"wp","href":"https:\/\/api.w.org\/{rel}","templated":true}]}}