{"id":225,"date":"2021-09-14T10:05:34","date_gmt":"2021-09-14T10:05:34","guid":{"rendered":"https:\/\/fricopan.es\/?page_id=225"},"modified":"2025-02-19T10:56:33","modified_gmt":"2025-02-19T10:56:33","slug":"restauracion-y-hosteleria","status":"publish","type":"page","link":"https:\/\/fricopan.es\/blog\/restauracion-y-hosteleria\/","title":{"rendered":"RESTAURACI\u00d3N Y HOSTELER\u00cdA"},"content":{"rendered":"<p><\/p>\n<h1>Restauraci\u00f3n y Hosteler\u00eda<\/h1>\n<h2>Siempre al lado de la hosteler\u00eda y la restauraci\u00f3n<\/h2>\n<p>Ideas, innovaci\u00f3n y los mejores productos para hacer de tu establecimiento un espacio de donde tus clientes se sientan especiales<\/p>\n<p><br \/>\n<script type=\"text\/javascript\" src=\"https:\/\/clientify.net\/web-marketing\/superforms\/script\/58559.js\"><\/script><\/p>\n<p><span style=\"font-weight: 400;\">En un establecimiento de hosteler\u00eda y restauraci\u00f3n todo cuenta. La decoraci\u00f3n, el mobiliario y los productos que ofreces. La panader\u00eda, boller\u00eda y dem\u00e1s productos tiene que aportar diferenciaci\u00f3n y calidad.<\/span><\/p>\n<p><\/p>\n<h2>Productos relaccionados<\/h2>\n<p><br \/>\n<\/p>\n<h2>Art\u00edculos relaccionados<\/h2>\n<p><br \/>\n<\/p>\n","protected":false},"excerpt":{"rendered":"<p>Restauraci\u00f3n y Hosteler\u00eda Siempre al lado de la hosteler\u00eda y la restauraci\u00f3n Ideas, innovaci\u00f3n y los mejores productos para hacer de tu establecimiento un espacio de donde tus clientes se sientan especiales En un establecimiento de hosteler\u00eda y restauraci\u00f3n todo cuenta. La decoraci\u00f3n, el mobiliario y los productos que ofreces. La panader\u00eda, boller\u00eda y dem\u00e1s productos tiene que aportar diferenciaci\u00f3n y calidad. Productos relaccionados Art\u00edculos relaccionados<\/p>\n","protected":false},"author":1,"featured_media":0,"parent":0,"menu_order":0,"comment_status":"closed","ping_status":"closed","template":"","meta":{"_et_pb_use_builder":"on","_et_pb_old_content":"","_et_gb_content_width":"","_eb_attr":"","footnotes":""},"class_list":["post-225","page","type-page","status-publish","hentry"],"yoast_head":"<!-- This site is optimized with the Yoast SEO plugin v24.1 - https:\/\/yoast.com\/wordpress\/plugins\/seo\/ -->\n<title>Fricopan - Soluciones de Panader\u00eda para Restauraci\u00f3n y Hosteler\u00eda<\/title>\n<meta name=\"description\" content=\"Fricopan Calidad en panader\u00eda y congelados para restauraci\u00f3n y hosteler\u00eda. Suministro confiable y variedad\" \/>\n<meta name=\"robots\" content=\"index, follow, max-snippet:-1, max-image-preview:large, max-video-preview:-1\" \/>\n<link rel=\"canonical\" href=\"https:\/\/fricopan.es\/blog\/restauracion-y-hosteleria\/\" \/>\n<meta property=\"og:locale\" content=\"es_ES\" \/>\n<meta property=\"og:type\" content=\"article\" \/>\n<meta property=\"og:title\" content=\"Fricopan - Soluciones de Panader\u00eda para Restauraci\u00f3n y Hosteler\u00eda\" \/>\n<meta property=\"og:description\" content=\"Fricopan Calidad en panader\u00eda y congelados para restauraci\u00f3n y hosteler\u00eda. Suministro confiable y variedad\" \/>\n<meta property=\"og:url\" content=\"https:\/\/fricopan.es\/blog\/restauracion-y-hosteleria\/\" \/>\n<meta property=\"og:site_name\" content=\"Fricopan\" \/>\n<meta property=\"article:modified_time\" content=\"2025-02-19T10:56:33+00:00\" \/>\n<meta name=\"twitter:card\" content=\"summary_large_image\" \/>\n<meta name=\"twitter:label1\" content=\"Tiempo de lectura\" \/>\n\t<meta name=\"twitter:data1\" content=\"3 minutos\" \/>\n<script type=\"application\/ld+json\" class=\"yoast-schema-graph\">{\"@context\":\"https:\/\/schema.org\",\"@graph\":[{\"@type\":\"WebPage\",\"@id\":\"https:\/\/fricopan.es\/blog\/restauracion-y-hosteleria\/\",\"url\":\"https:\/\/fricopan.es\/blog\/restauracion-y-hosteleria\/\",\"name\":\"Fricopan - Soluciones de Panader\u00eda para Restauraci\u00f3n y Hosteler\u00eda\",\"isPartOf\":{\"@id\":\"\/#website\"},\"datePublished\":\"2021-09-14T10:05:34+00:00\",\"dateModified\":\"2025-02-19T10:56:33+00:00\",\"description\":\"Fricopan Calidad en panader\u00eda y congelados para restauraci\u00f3n y hosteler\u00eda. Suministro confiable y variedad\",\"breadcrumb\":{\"@id\":\"https:\/\/fricopan.es\/blog\/restauracion-y-hosteleria\/#breadcrumb\"},\"inLanguage\":\"es\",\"potentialAction\":[{\"@type\":\"ReadAction\",\"target\":[\"https:\/\/fricopan.es\/blog\/restauracion-y-hosteleria\/\"]}]},{\"@type\":\"BreadcrumbList\",\"@id\":\"https:\/\/fricopan.es\/blog\/restauracion-y-hosteleria\/#breadcrumb\",\"itemListElement\":[{\"@type\":\"ListItem\",\"position\":1,\"name\":\"Portada\",\"item\":\"https:\/\/fricopan.es\/blog\/\"},{\"@type\":\"ListItem\",\"position\":2,\"name\":\"RESTAURACI\u00d3N Y HOSTELER\u00cdA\"}]},{\"@type\":\"WebSite\",\"@id\":\"\/#website\",\"url\":\"\/\",\"name\":\"Fricopan\",\"description\":\"Fricopan distribuidora de panader&iacute;a boller&iacute;a congelada\",\"potentialAction\":[{\"@type\":\"SearchAction\",\"target\":{\"@type\":\"EntryPoint\",\"urlTemplate\":\"\/?s={search_term_string}\"},\"query-input\":{\"@type\":\"PropertyValueSpecification\",\"valueRequired\":true,\"valueName\":\"search_term_string\"}}],\"inLanguage\":\"es\"}]}<\/script>\n<!-- \/ Yoast SEO plugin. -->","yoast_head_json":{"title":"Fricopan - Soluciones de Panader\u00eda para Restauraci\u00f3n y Hosteler\u00eda","description":"Fricopan Calidad en panader\u00eda y congelados para restauraci\u00f3n y hosteler\u00eda. Suministro confiable y variedad","robots":{"index":"index","follow":"follow","max-snippet":"max-snippet:-1","max-image-preview":"max-image-preview:large","max-video-preview":"max-video-preview:-1"},"canonical":"https:\/\/fricopan.es\/blog\/restauracion-y-hosteleria\/","og_locale":"es_ES","og_type":"article","og_title":"Fricopan - Soluciones de Panader\u00eda para Restauraci\u00f3n y Hosteler\u00eda","og_description":"Fricopan Calidad en panader\u00eda y congelados para restauraci\u00f3n y hosteler\u00eda. Suministro confiable y variedad","og_url":"https:\/\/fricopan.es\/blog\/restauracion-y-hosteleria\/","og_site_name":"Fricopan","article_modified_time":"2025-02-19T10:56:33+00:00","twitter_card":"summary_large_image","twitter_misc":{"Tiempo de lectura":"3 minutos"},"schema":{"@context":"https:\/\/schema.org","@graph":[{"@type":"WebPage","@id":"https:\/\/fricopan.es\/blog\/restauracion-y-hosteleria\/","url":"https:\/\/fricopan.es\/blog\/restauracion-y-hosteleria\/","name":"Fricopan - Soluciones de Panader\u00eda para Restauraci\u00f3n y Hosteler\u00eda","isPartOf":{"@id":"\/#website"},"datePublished":"2021-09-14T10:05:34+00:00","dateModified":"2025-02-19T10:56:33+00:00","description":"Fricopan Calidad en panader\u00eda y congelados para restauraci\u00f3n y hosteler\u00eda. Suministro confiable y variedad","breadcrumb":{"@id":"https:\/\/fricopan.es\/blog\/restauracion-y-hosteleria\/#breadcrumb"},"inLanguage":"es","potentialAction":[{"@type":"ReadAction","target":["https:\/\/fricopan.es\/blog\/restauracion-y-hosteleria\/"]}]},{"@type":"BreadcrumbList","@id":"https:\/\/fricopan.es\/blog\/restauracion-y-hosteleria\/#breadcrumb","itemListElement":[{"@type":"ListItem","position":1,"name":"Portada","item":"https:\/\/fricopan.es\/blog\/"},{"@type":"ListItem","position":2,"name":"RESTAURACI\u00d3N Y HOSTELER\u00cdA"}]},{"@type":"WebSite","@id":"\/#website","url":"\/","name":"Fricopan","description":"Fricopan distribuidora de panader&iacute;a boller&iacute;a congelada","potentialAction":[{"@type":"SearchAction","target":{"@type":"EntryPoint","urlTemplate":"\/?s={search_term_string}"},"query-input":{"@type":"PropertyValueSpecification","valueRequired":true,"valueName":"search_term_string"}}],"inLanguage":"es"}]}},"_links":{"self":[{"href":"https:\/\/fricopan.es\/blog\/wp-json\/wp\/v2\/pages\/225","targetHints":{"allow":["GET"]}}],"collection":[{"href":"https:\/\/fricopan.es\/blog\/wp-json\/wp\/v2\/pages"}],"about":[{"href":"https:\/\/fricopan.es\/blog\/wp-json\/wp\/v2\/types\/page"}],"author":[{"embeddable":true,"href":"https:\/\/fricopan.es\/blog\/wp-json\/wp\/v2\/users\/1"}],"replies":[{"embeddable":true,"href":"https:\/\/fricopan.es\/blog\/wp-json\/wp\/v2\/comments?post=225"}],"version-history":[{"count":0,"href":"https:\/\/fricopan.es\/blog\/wp-json\/wp\/v2\/pages\/225\/revisions"}],"wp:attachment":[{"href":"https:\/\/fricopan.es\/blog\/wp-json\/wp\/v2\/media?parent=225"}],"curies":[{"name":"wp","href":"https:\/\/api.w.org\/{rel}","templated":true}]}}