{"id":216,"date":"2021-09-14T09:55:29","date_gmt":"2021-09-14T09:55:29","guid":{"rendered":"https:\/\/fricopan.es\/?page_id=216"},"modified":"2025-02-19T11:00:34","modified_gmt":"2025-02-19T11:00:34","slug":"panaderia-2","status":"publish","type":"page","link":"https:\/\/fricopan.es\/blog\/panaderia-2\/","title":{"rendered":"Panader\u00eda"},"content":{"rendered":"<p><\/p>\n<h1>Panader\u00eda<\/h1>\n<h2>Los mejores productos para tus clientes<\/h2>\n<p>Te ofrecemos los mejores productos para que ofrezcas a tus clientes. Productos originales de la m\u00e1xima calidad que fidelizar\u00e1 a tus clientes y los convertir\u00e1 en los mejores embajadores de tu negocio.<\/p>\n<p><br \/>\n<script type=\"text\/javascript\" src=\"https:\/\/clientify.net\/web-marketing\/superforms\/script\/58561.js\"><\/script><\/p>\n<p>El pan y la boller\u00eda son el sello de tu negocio y te ayudamos a que tengas una oferta original y diferentes de la m\u00e1xima calidad. Productos elaborados con recetas tradicionales alemanas que sorprender\u00e1n y enamorar\u00e1n a tus clientes, a la vez que consigues diferenciaci\u00f3n para tu negocio.<\/p>\n<p><\/p>\n<h2>Art\u00edculos relaccionados<\/h2>\n<p><br \/>\n<\/p>\n","protected":false},"excerpt":{"rendered":"<p>Panader\u00eda Los mejores productos para tus clientes Te ofrecemos los mejores productos para que ofrezcas a tus clientes. Productos originales de la m\u00e1xima calidad que fidelizar\u00e1 a tus clientes y los convertir\u00e1 en los mejores embajadores de tu negocio. El pan y la boller\u00eda son el sello de tu negocio y te ayudamos a que tengas una oferta original y diferentes de la m\u00e1xima calidad. Productos elaborados con recetas tradicionales alemanas que sorprender\u00e1n y enamorar\u00e1n a tus clientes, a la vez que consigues diferenciaci\u00f3n para tu negocio. Art\u00edculos relaccionados<\/p>\n","protected":false},"author":1,"featured_media":0,"parent":0,"menu_order":0,"comment_status":"closed","ping_status":"closed","template":"","meta":{"_et_pb_use_builder":"on","_et_pb_old_content":"","_et_gb_content_width":"","_eb_attr":"","footnotes":""},"class_list":["post-216","page","type-page","status-publish","hentry"],"yoast_head":"<!-- This site is optimized with the Yoast SEO plugin v24.1 - https:\/\/yoast.com\/wordpress\/plugins\/seo\/ -->\n<title>Fricopan - Panader\u00eda con Productos Frescos y Congelados<\/title>\n<meta name=\"description\" content=\"Fricopan: Panader\u00eda con productos frescos y congelados. Sorprende a tus clientes con recetas alemanas de calidad\" \/>\n<meta name=\"robots\" content=\"index, follow, max-snippet:-1, max-image-preview:large, max-video-preview:-1\" \/>\n<link rel=\"canonical\" href=\"https:\/\/fricopan.es\/blog\/panaderia-2\/\" \/>\n<meta property=\"og:locale\" content=\"es_ES\" \/>\n<meta property=\"og:type\" content=\"article\" \/>\n<meta property=\"og:title\" content=\"Fricopan - Panader\u00eda con Productos Frescos y Congelados\" \/>\n<meta property=\"og:description\" content=\"Fricopan: Panader\u00eda con productos frescos y congelados. Sorprende a tus clientes con recetas alemanas de calidad\" \/>\n<meta property=\"og:url\" content=\"https:\/\/fricopan.es\/blog\/panaderia-2\/\" \/>\n<meta property=\"og:site_name\" content=\"Fricopan\" \/>\n<meta property=\"article:modified_time\" content=\"2025-02-19T11:00:34+00:00\" \/>\n<meta name=\"twitter:card\" content=\"summary_large_image\" \/>\n<meta name=\"twitter:label1\" content=\"Tiempo de lectura\" \/>\n\t<meta name=\"twitter:data1\" content=\"2 minutos\" \/>\n<script type=\"application\/ld+json\" class=\"yoast-schema-graph\">{\"@context\":\"https:\/\/schema.org\",\"@graph\":[{\"@type\":\"WebPage\",\"@id\":\"https:\/\/fricopan.es\/blog\/panaderia-2\/\",\"url\":\"https:\/\/fricopan.es\/blog\/panaderia-2\/\",\"name\":\"Fricopan - Panader\u00eda con Productos Frescos y Congelados\",\"isPartOf\":{\"@id\":\"\/#website\"},\"datePublished\":\"2021-09-14T09:55:29+00:00\",\"dateModified\":\"2025-02-19T11:00:34+00:00\",\"description\":\"Fricopan: Panader\u00eda con productos frescos y congelados. Sorprende a tus clientes con recetas alemanas de calidad\",\"breadcrumb\":{\"@id\":\"https:\/\/fricopan.es\/blog\/panaderia-2\/#breadcrumb\"},\"inLanguage\":\"es\",\"potentialAction\":[{\"@type\":\"ReadAction\",\"target\":[\"https:\/\/fricopan.es\/blog\/panaderia-2\/\"]}]},{\"@type\":\"BreadcrumbList\",\"@id\":\"https:\/\/fricopan.es\/blog\/panaderia-2\/#breadcrumb\",\"itemListElement\":[{\"@type\":\"ListItem\",\"position\":1,\"name\":\"Portada\",\"item\":\"https:\/\/fricopan.es\/blog\/\"},{\"@type\":\"ListItem\",\"position\":2,\"name\":\"Panader\u00eda\"}]},{\"@type\":\"WebSite\",\"@id\":\"\/#website\",\"url\":\"\/\",\"name\":\"Fricopan\",\"description\":\"Fricopan distribuidora de panader&iacute;a boller&iacute;a congelada\",\"potentialAction\":[{\"@type\":\"SearchAction\",\"target\":{\"@type\":\"EntryPoint\",\"urlTemplate\":\"\/?s={search_term_string}\"},\"query-input\":{\"@type\":\"PropertyValueSpecification\",\"valueRequired\":true,\"valueName\":\"search_term_string\"}}],\"inLanguage\":\"es\"}]}<\/script>\n<!-- \/ Yoast SEO plugin. -->","yoast_head_json":{"title":"Fricopan - Panader\u00eda con Productos Frescos y Congelados","description":"Fricopan: Panader\u00eda con productos frescos y congelados. Sorprende a tus clientes con recetas alemanas de calidad","robots":{"index":"index","follow":"follow","max-snippet":"max-snippet:-1","max-image-preview":"max-image-preview:large","max-video-preview":"max-video-preview:-1"},"canonical":"https:\/\/fricopan.es\/blog\/panaderia-2\/","og_locale":"es_ES","og_type":"article","og_title":"Fricopan - Panader\u00eda con Productos Frescos y Congelados","og_description":"Fricopan: Panader\u00eda con productos frescos y congelados. Sorprende a tus clientes con recetas alemanas de calidad","og_url":"https:\/\/fricopan.es\/blog\/panaderia-2\/","og_site_name":"Fricopan","article_modified_time":"2025-02-19T11:00:34+00:00","twitter_card":"summary_large_image","twitter_misc":{"Tiempo de lectura":"2 minutos"},"schema":{"@context":"https:\/\/schema.org","@graph":[{"@type":"WebPage","@id":"https:\/\/fricopan.es\/blog\/panaderia-2\/","url":"https:\/\/fricopan.es\/blog\/panaderia-2\/","name":"Fricopan - Panader\u00eda con Productos Frescos y Congelados","isPartOf":{"@id":"\/#website"},"datePublished":"2021-09-14T09:55:29+00:00","dateModified":"2025-02-19T11:00:34+00:00","description":"Fricopan: Panader\u00eda con productos frescos y congelados. Sorprende a tus clientes con recetas alemanas de calidad","breadcrumb":{"@id":"https:\/\/fricopan.es\/blog\/panaderia-2\/#breadcrumb"},"inLanguage":"es","potentialAction":[{"@type":"ReadAction","target":["https:\/\/fricopan.es\/blog\/panaderia-2\/"]}]},{"@type":"BreadcrumbList","@id":"https:\/\/fricopan.es\/blog\/panaderia-2\/#breadcrumb","itemListElement":[{"@type":"ListItem","position":1,"name":"Portada","item":"https:\/\/fricopan.es\/blog\/"},{"@type":"ListItem","position":2,"name":"Panader\u00eda"}]},{"@type":"WebSite","@id":"\/#website","url":"\/","name":"Fricopan","description":"Fricopan distribuidora de panader&iacute;a boller&iacute;a congelada","potentialAction":[{"@type":"SearchAction","target":{"@type":"EntryPoint","urlTemplate":"\/?s={search_term_string}"},"query-input":{"@type":"PropertyValueSpecification","valueRequired":true,"valueName":"search_term_string"}}],"inLanguage":"es"}]}},"_links":{"self":[{"href":"https:\/\/fricopan.es\/blog\/wp-json\/wp\/v2\/pages\/216","targetHints":{"allow":["GET"]}}],"collection":[{"href":"https:\/\/fricopan.es\/blog\/wp-json\/wp\/v2\/pages"}],"about":[{"href":"https:\/\/fricopan.es\/blog\/wp-json\/wp\/v2\/types\/page"}],"author":[{"embeddable":true,"href":"https:\/\/fricopan.es\/blog\/wp-json\/wp\/v2\/users\/1"}],"replies":[{"embeddable":true,"href":"https:\/\/fricopan.es\/blog\/wp-json\/wp\/v2\/comments?post=216"}],"version-history":[{"count":0,"href":"https:\/\/fricopan.es\/blog\/wp-json\/wp\/v2\/pages\/216\/revisions"}],"wp:attachment":[{"href":"https:\/\/fricopan.es\/blog\/wp-json\/wp\/v2\/media?parent=216"}],"curies":[{"name":"wp","href":"https:\/\/api.w.org\/{rel}","templated":true}]}}