{"id":118,"date":"2021-09-07T08:54:42","date_gmt":"2021-09-07T08:54:42","guid":{"rendered":"https:\/\/fricopan.es\/?page_id=118"},"modified":"2025-02-19T10:31:58","modified_gmt":"2025-02-19T10:31:58","slug":"conocenos","status":"publish","type":"page","link":"https:\/\/fricopan.es\/blog\/conocenos\/","title":{"rendered":"Conocenos"},"content":{"rendered":"<p><br \/>\n<\/p>\n<h4>Especialistas en panader\u00eda Alemana<\/h4>\n<p><br \/>\n<\/p>\n<h1>\u00bfBuscas calidad y servicio?<\/h1>\n<h4>\u00bfNecesitas un proveedor capaz de ofrecerte los mejores productos y el mejor servicio y que ayude a conseguir tus objetivos?<\/h4>\n<p><strong>Pues estas en el lugar perfecto.<\/strong><\/p>\n<p>Con <strong>FRICOPAN<\/strong> tendr\u00e1n a su alcance una amplia gama de productos que solucionar\u00e1n cualquier necesidad de suministro que tengan. Productos alemanes de la m\u00e1xima calidad y con las m\u00e1ximas garant\u00edas.<\/p>\n<p>Un cuidado servicio y una cuidada atenci\u00f3n al cliente, son los pilares misi\u00f3n y filosof\u00eda con nuestros clientes. Y esto lo conseguimos gracias a un equipo humano que cada d\u00eda trabaja con dedicaci\u00f3n y compromiso para que as\u00ed sea.<\/p>\n<p>Son muchas las historias que existen de tras de nuestros productos. Historias de un equipo de profesionales que son las que nos ayudan a dar m\u00e1s calidad y m\u00e1s valor a nuestros clientes.<\/p>\n<p>Nos preocupamos de cada gesto, cada idea y cada esfuerzo.<\/p>\n<p><br \/>\n<br \/>\n<br \/>\n<\/p>\n<h3>Garant\u00edas de trabajar<br \/>con lo mejores<\/h3>\n<p>Nuestros fabricantes, principalmente de Alemania, nos aseguran la integridad de las materias primas, de la m\u00e1xima calidad y con el m\u00e1ximo nivel de seguridad alimentaria.<br \/>Por esa raz\u00f3n, en FRICOPAN trabajamos, exclusivamente, con f\u00e1bricas que dispongan del certificado IFS Internacional.<\/p>\n<p><br \/>\n<\/p>\n<h3>Control\u00a0 de calidad en todo el proceso<\/h3>\n<p>Aseguramos la conservaci\u00f3n y mantenimiento de la cadena de frio desde nuestro almacenes hasta tu establecimiento, por esa raz\u00f3n trabajamos con\u2026..<\/p>\n<p><br \/>\n<br \/>\n<\/p>\n<h3>Desde siempre en Fricopan, nos hemos esforzado para dar lo mejor<\/h3>\n<p>\u00bfTe podemos ayudar?<br \/>Estamos a tu disposici\u00f3n para resolver todas las dudas que puedas tener.<\/p>\n<p>Tan solo tienes que dejar tus datos y nos pondremos en contacto contigo para darte toda la informaci\u00f3n que necesites sobre nuestros productos, servicios y condiciones.<\/p>\n<p><br \/>\n<br \/>\n<br \/>\n<\/p>\n<p><span>Conoce nuestros productos, especialidades y sorprendete con nuestra varierdad&#8230;<\/span><\/p>\n<p><\/p>\n<h4>Tratando de mejorarnos d\u00eda a d\u00eda<\/h4>\n<h2>Nuestros clientes lo confirman<\/h2>\n<p><br \/>\n<br \/>\n<br \/>\n<br \/>\n<br \/>\n<br \/>\n<\/p>\n","protected":false},"excerpt":{"rendered":"<p>Especialistas en panader\u00eda Alemana \u00bfBuscas calidad y servicio? \u00bfNecesitas un proveedor capaz de ofrecerte los mejores productos y el mejor servicio y que ayude a conseguir tus objetivos? Pues estas en el lugar perfecto. Con FRICOPAN tendr\u00e1n a su alcance una amplia gama de productos que solucionar\u00e1n cualquier necesidad de suministro que tengan. Productos alemanes de la m\u00e1xima calidad y con las m\u00e1ximas garant\u00edas. Un cuidado servicio y una cuidada atenci\u00f3n al cliente, son los pilares misi\u00f3n y filosof\u00eda con nuestros clientes. Y esto lo conseguimos gracias a un equipo humano que cada d\u00eda trabaja con dedicaci\u00f3n y compromiso para que as\u00ed sea. Son muchas las historias que existen de tras de nuestros productos. Historias de un equipo de profesionales que son las que nos ayudan a dar m\u00e1s calidad y m\u00e1s valor a nuestros clientes. Nos preocupamos de cada gesto, cada idea y cada esfuerzo. Garant\u00edas de trabajarcon lo mejores Nuestros fabricantes, principalmente de Alemania, nos aseguran la integridad de las materias primas, de la m\u00e1xima calidad y con el m\u00e1ximo nivel de seguridad alimentaria.Por esa raz\u00f3n, en FRICOPAN trabajamos, exclusivamente, con f\u00e1bricas que dispongan del certificado IFS Internacional. Control\u00a0 de calidad en todo el proceso Aseguramos la conservaci\u00f3n y mantenimiento de la cadena de frio desde nuestro almacenes hasta tu establecimiento, por esa raz\u00f3n trabajamos con\u2026.. Desde siempre en Fricopan, nos hemos esforzado para dar lo mejor \u00bfTe podemos ayudar?Estamos a tu disposici\u00f3n para resolver todas las dudas que puedas tener. Tan solo tienes que dejar tus datos y nos pondremos en contacto contigo para darte toda la informaci\u00f3n que necesites sobre nuestros productos, servicios y condiciones. Conoce nuestros productos, especialidades y sorprendete con nuestra varierdad&#8230;Tratando de mejorarnos d\u00eda a d\u00eda Nuestros clientes lo confirman<\/p>\n","protected":false},"author":1,"featured_media":0,"parent":0,"menu_order":0,"comment_status":"closed","ping_status":"closed","template":"","meta":{"_et_pb_use_builder":"on","_et_pb_old_content":"","_et_gb_content_width":"","_eb_attr":"","footnotes":""},"class_list":["post-118","page","type-page","status-publish","hentry"],"yoast_head":"<!-- This site is optimized with the Yoast SEO plugin v24.1 - https:\/\/yoast.com\/wordpress\/plugins\/seo\/ -->\n<title>Fricopan - Panes Alemanes Artesanales y Saludables | Con\u00f3cenos<\/title>\n<meta name=\"description\" content=\"Fricopan conoce nuestros productos alemanes de calidad, servicio atento y equipo comprometido. A\u00f1adimos valor y calidad para usted.\" \/>\n<meta name=\"robots\" content=\"index, follow, max-snippet:-1, max-image-preview:large, max-video-preview:-1\" \/>\n<link rel=\"canonical\" href=\"https:\/\/fricopan.es\/blog\/conocenos\/\" \/>\n<meta property=\"og:locale\" content=\"es_ES\" \/>\n<meta property=\"og:type\" content=\"article\" \/>\n<meta property=\"og:title\" content=\"Fricopan - Panes Alemanes Artesanales y Saludables | Con\u00f3cenos\" \/>\n<meta property=\"og:description\" content=\"Fricopan conoce nuestros productos alemanes de calidad, servicio atento y equipo comprometido. A\u00f1adimos valor y calidad para usted.\" \/>\n<meta property=\"og:url\" content=\"https:\/\/fricopan.es\/blog\/conocenos\/\" \/>\n<meta property=\"og:site_name\" content=\"Fricopan\" \/>\n<meta property=\"article:modified_time\" content=\"2025-02-19T10:31:58+00:00\" \/>\n<meta name=\"twitter:card\" content=\"summary_large_image\" \/>\n<meta name=\"twitter:label1\" content=\"Tiempo de lectura\" \/>\n\t<meta name=\"twitter:data1\" content=\"5 minutos\" \/>\n<script type=\"application\/ld+json\" class=\"yoast-schema-graph\">{\"@context\":\"https:\/\/schema.org\",\"@graph\":[{\"@type\":\"WebPage\",\"@id\":\"https:\/\/fricopan.es\/blog\/conocenos\/\",\"url\":\"https:\/\/fricopan.es\/blog\/conocenos\/\",\"name\":\"Fricopan - Panes Alemanes Artesanales y Saludables | Con\u00f3cenos\",\"isPartOf\":{\"@id\":\"\/#website\"},\"datePublished\":\"2021-09-07T08:54:42+00:00\",\"dateModified\":\"2025-02-19T10:31:58+00:00\",\"description\":\"Fricopan conoce nuestros productos alemanes de calidad, servicio atento y equipo comprometido. A\u00f1adimos valor y calidad para usted.\",\"breadcrumb\":{\"@id\":\"https:\/\/fricopan.es\/blog\/conocenos\/#breadcrumb\"},\"inLanguage\":\"es\",\"potentialAction\":[{\"@type\":\"ReadAction\",\"target\":[\"https:\/\/fricopan.es\/blog\/conocenos\/\"]}]},{\"@type\":\"BreadcrumbList\",\"@id\":\"https:\/\/fricopan.es\/blog\/conocenos\/#breadcrumb\",\"itemListElement\":[{\"@type\":\"ListItem\",\"position\":1,\"name\":\"Portada\",\"item\":\"https:\/\/fricopan.es\/blog\/\"},{\"@type\":\"ListItem\",\"position\":2,\"name\":\"Conocenos\"}]},{\"@type\":\"WebSite\",\"@id\":\"\/#website\",\"url\":\"\/\",\"name\":\"Fricopan\",\"description\":\"Fricopan distribuidora de panader&iacute;a boller&iacute;a congelada\",\"potentialAction\":[{\"@type\":\"SearchAction\",\"target\":{\"@type\":\"EntryPoint\",\"urlTemplate\":\"\/?s={search_term_string}\"},\"query-input\":{\"@type\":\"PropertyValueSpecification\",\"valueRequired\":true,\"valueName\":\"search_term_string\"}}],\"inLanguage\":\"es\"}]}<\/script>\n<!-- \/ Yoast SEO plugin. -->","yoast_head_json":{"title":"Fricopan - Panes Alemanes Artesanales y Saludables | Con\u00f3cenos","description":"Fricopan conoce nuestros productos alemanes de calidad, servicio atento y equipo comprometido. A\u00f1adimos valor y calidad para usted.","robots":{"index":"index","follow":"follow","max-snippet":"max-snippet:-1","max-image-preview":"max-image-preview:large","max-video-preview":"max-video-preview:-1"},"canonical":"https:\/\/fricopan.es\/blog\/conocenos\/","og_locale":"es_ES","og_type":"article","og_title":"Fricopan - Panes Alemanes Artesanales y Saludables | Con\u00f3cenos","og_description":"Fricopan conoce nuestros productos alemanes de calidad, servicio atento y equipo comprometido. A\u00f1adimos valor y calidad para usted.","og_url":"https:\/\/fricopan.es\/blog\/conocenos\/","og_site_name":"Fricopan","article_modified_time":"2025-02-19T10:31:58+00:00","twitter_card":"summary_large_image","twitter_misc":{"Tiempo de lectura":"5 minutos"},"schema":{"@context":"https:\/\/schema.org","@graph":[{"@type":"WebPage","@id":"https:\/\/fricopan.es\/blog\/conocenos\/","url":"https:\/\/fricopan.es\/blog\/conocenos\/","name":"Fricopan - Panes Alemanes Artesanales y Saludables | Con\u00f3cenos","isPartOf":{"@id":"\/#website"},"datePublished":"2021-09-07T08:54:42+00:00","dateModified":"2025-02-19T10:31:58+00:00","description":"Fricopan conoce nuestros productos alemanes de calidad, servicio atento y equipo comprometido. A\u00f1adimos valor y calidad para usted.","breadcrumb":{"@id":"https:\/\/fricopan.es\/blog\/conocenos\/#breadcrumb"},"inLanguage":"es","potentialAction":[{"@type":"ReadAction","target":["https:\/\/fricopan.es\/blog\/conocenos\/"]}]},{"@type":"BreadcrumbList","@id":"https:\/\/fricopan.es\/blog\/conocenos\/#breadcrumb","itemListElement":[{"@type":"ListItem","position":1,"name":"Portada","item":"https:\/\/fricopan.es\/blog\/"},{"@type":"ListItem","position":2,"name":"Conocenos"}]},{"@type":"WebSite","@id":"\/#website","url":"\/","name":"Fricopan","description":"Fricopan distribuidora de panader&iacute;a boller&iacute;a congelada","potentialAction":[{"@type":"SearchAction","target":{"@type":"EntryPoint","urlTemplate":"\/?s={search_term_string}"},"query-input":{"@type":"PropertyValueSpecification","valueRequired":true,"valueName":"search_term_string"}}],"inLanguage":"es"}]}},"_links":{"self":[{"href":"https:\/\/fricopan.es\/blog\/wp-json\/wp\/v2\/pages\/118","targetHints":{"allow":["GET"]}}],"collection":[{"href":"https:\/\/fricopan.es\/blog\/wp-json\/wp\/v2\/pages"}],"about":[{"href":"https:\/\/fricopan.es\/blog\/wp-json\/wp\/v2\/types\/page"}],"author":[{"embeddable":true,"href":"https:\/\/fricopan.es\/blog\/wp-json\/wp\/v2\/users\/1"}],"replies":[{"embeddable":true,"href":"https:\/\/fricopan.es\/blog\/wp-json\/wp\/v2\/comments?post=118"}],"version-history":[{"count":0,"href":"https:\/\/fricopan.es\/blog\/wp-json\/wp\/v2\/pages\/118\/revisions"}],"wp:attachment":[{"href":"https:\/\/fricopan.es\/blog\/wp-json\/wp\/v2\/media?parent=118"}],"curies":[{"name":"wp","href":"https:\/\/api.w.org\/{rel}","templated":true}]}}